{"id":2409,"date":"2020-03-22T20:59:17","date_gmt":"2020-03-22T20:59:17","guid":{"rendered":"https:\/\/enisyucel.com\/photography\/fotografci-enis-yucel-hakkinda\/"},"modified":"2025-09-21T11:49:11","modified_gmt":"2025-09-21T11:49:11","slug":"biyografi-fotograf-sanatcisi","status":"publish","type":"page","link":"https:\/\/enisyucel.com\/photography\/biyografi-fotograf-sanatcisi\/","title":{"rendered":"Foto\u011fraf\u00e7\u0131 Enis Y\u00fccel &#8211; Biyografi"},"content":{"rendered":"\t\t<div data-elementor-type=\"wp-page\" data-elementor-id=\"2409\" class=\"elementor elementor-2409\" data-elementor-post-type=\"page\">\n\t\t\t\t\t\t<section class=\"elementor-section elementor-top-section elementor-element elementor-element-40ba18d4 elementor-section-height-min-height elementor-reverse-mobile elementor-hidden-desktop elementor-section-items-top elementor-section-content-top elementor-reverse-tablet elementor-section-boxed elementor-section-height-default\" data-id=\"40ba18d4\" data-element_type=\"section\" data-settings=\"{&quot;background_background&quot;:&quot;classic&quot;}\">\n\t\t\t\t\t\t<div class=\"elementor-container elementor-column-gap-default\">\n\t\t\t\t\t<div class=\"elementor-column elementor-col-50 elementor-top-column elementor-element elementor-element-572c185\" data-id=\"572c185\" data-element_type=\"column\">\n\t\t\t<div class=\"elementor-widget-wrap elementor-element-populated\">\n\t\t\t\t\t\t<div class=\"elementor-element elementor-element-fde4e48 elementor-widget elementor-widget-heading\" data-id=\"fde4e48\" data-element_type=\"widget\" data-widget_type=\"heading.default\">\n\t\t\t\t<div class=\"elementor-widget-container\">\n\t\t\t\t\t<h3 class=\"elementor-heading-title elementor-size-default\">EN\u0130S Y\u00dcCEL<\/h3>\t\t\t\t<\/div>\n\t\t\t\t<\/div>\n\t\t\t\t<div class=\"elementor-element elementor-element-94e6a3b elementor-widget elementor-widget-text-editor\" data-id=\"94e6a3b\" data-element_type=\"widget\" data-widget_type=\"text-editor.default\">\n\t\t\t\t<div class=\"elementor-widget-container\">\n\t\t\t\t\t\t\t\t\t<p>Hakk\u0131nda<\/p>\n\t\t\t\t\t\t\t\t<\/div>\n\t\t\t\t<\/div>\n\t\t\t\t<div class=\"elementor-element elementor-element-5563ccb elementor-blockquote--skin-clean elementor-blockquote--align-center elementor-widget elementor-widget-blockquote\" data-id=\"5563ccb\" data-element_type=\"widget\" data-widget_type=\"blockquote.default\">\n\t\t\t\t<div class=\"elementor-widget-container\">\n\t\t\t\t\t\t\t<blockquote class=\"elementor-blockquote\">\n\t\t\t<p class=\"elementor-blockquote__content\">\n\t\t\t\t\u0130nsan\u0131, i\u00e7inde ya\u015fad\u0131\u011f\u0131 \u00e7evreyi ve \u015fartlar\u0131 yans\u0131tmay\u0131 ama\u00e7layan, bu amac\u0131; ger\u00e7eklikten kopmadan ancak ayn\u0131 zamanda insani bir yakla\u015f\u0131m ve hissiyat ile ger\u00e7ekle\u015ftirmeye \u00e7al\u0131\u015fan foto\u011fraf\u00e7\u0131.\t\t\t<\/p>\n\t\t\t\t\t<\/blockquote>\n\t\t\t\t\t\t<\/div>\n\t\t\t\t<\/div>\n\t\t\t\t<div class=\"elementor-element elementor-element-2f51f62 elementor-widget elementor-widget-text-editor\" data-id=\"2f51f62\" data-element_type=\"widget\" data-widget_type=\"text-editor.default\">\n\t\t\t\t<div class=\"elementor-widget-container\">\n\t\t\t\t\t\t\t\t\t<p>Yakla\u015f\u0131k 10 y\u0131ldan fazla bir s\u00fcredir foto\u011fraf\u00e7\u0131 olarak d\u00fcnyan\u0131n farkl\u0131 b\u00f6lgelerinde \u00f6zellikle insani yard\u0131m, toplumsal, sosyal ve k\u00fclt\u00fcrel konularda foto\u011fraflar \u00e7ekmektedir. Daha \u00e7ok insani ve toplumsal konularda \u00e7al\u0131\u015fmakla beraber, bireysel ve kurumlar i\u00e7in foto\u011fraf \u00e7ekimleri ve foto\u011fraf projeleri d\u00fczenlemekte. gibi uluslararas\u0131 organizasyonlara ve kurumlar i\u00e7in foto\u011fraflar \u00e7ekmi\u015f ve projelerde \u00e7al\u0131\u015fm\u0131\u015ft\u0131r.<\/p>\n<p><a href=\"https:\/\/photography.enisyucel.com\/tearsheets\" target=\"_blank\" rel=\"noopener\">Conde Naste<\/a>, <a href=\"https:\/\/photography.enisyucel.com\/tearsheets\" target=\"_blank\" rel=\"noopener\">Bayer Chemicals Magazine<\/a>, <a href=\"https:\/\/photography.enisyucel.com\/tearsheets\" target=\"_blank\" rel=\"noopener\">Singapore Airlines<\/a>, <a href=\"https:\/\/photography.enisyucel.com\/tearsheets\" target=\"_blank\" rel=\"noopener\">Silverkris Inflight Magazine<\/a>, <a href=\"https:\/\/www.goethe.de\/ins\/tr\/de\/kul\/sup\/anb\/lms.html\" target=\"_blank\" rel=\"noopener\">Goethe Institute<\/a><\/p>\n\t\t\t\t\t\t\t\t<\/div>\n\t\t\t\t<\/div>\n\t\t\t\t<section class=\"elementor-section elementor-inner-section elementor-element elementor-element-eaab4c2 elementor-section-boxed elementor-section-height-default elementor-section-height-default\" data-id=\"eaab4c2\" data-element_type=\"section\">\n\t\t\t\t\t\t<div class=\"elementor-container elementor-column-gap-default\">\n\t\t\t\t\t<div class=\"elementor-column elementor-col-50 elementor-inner-column elementor-element elementor-element-12b924a\" data-id=\"12b924a\" data-element_type=\"column\">\n\t\t\t<div class=\"elementor-widget-wrap elementor-element-populated\">\n\t\t\t\t\t\t<div class=\"elementor-element elementor-element-7a32af0 elementor-blockquote--skin-quotation elementor-blockquote--align-center elementor-widget elementor-widget-blockquote\" data-id=\"7a32af0\" data-element_type=\"widget\" data-widget_type=\"blockquote.default\">\n\t\t\t\t<div class=\"elementor-widget-container\">\n\t\t\t\t\t\t\t<blockquote class=\"elementor-blockquote\">\n\t\t\t<p class=\"elementor-blockquote__content\">\n\t\t\t\t\u0130\u015fimi, foto\u011fraflad\u0131\u011f\u0131m konulara ve insanlara, her zaman sayg\u0131 \u00e7er\u00e7evesinde yakla\u015farak ve empati kurmay\u0131 akl\u0131mdan hi\u00e7 \u00e7\u0131karmayarak, bu farkl\u0131 temalar\u0131 sadakatle tasvir etmek olarak g\u00f6r\u00fcyorum.\t\t\t<\/p>\n\t\t\t\t\t<\/blockquote>\n\t\t\t\t\t\t<\/div>\n\t\t\t\t<\/div>\n\t\t\t\t\t<\/div>\n\t\t<\/div>\n\t\t\t\t<div class=\"elementor-column elementor-col-50 elementor-inner-column elementor-element elementor-element-45f7445\" data-id=\"45f7445\" data-element_type=\"column\">\n\t\t\t<div class=\"elementor-widget-wrap elementor-element-populated\">\n\t\t\t\t\t\t<div class=\"elementor-element elementor-element-9d2bf74 elementor-widget elementor-widget-image\" data-id=\"9d2bf74\" data-element_type=\"widget\" data-widget_type=\"image.default\">\n\t\t\t\t<div class=\"elementor-widget-container\">\n\t\t\t\t\t\t\t\t\t\t\t\t\t\t\t<img decoding=\"async\" src=\"https:\/\/enisyucel.com\/photography\/\/wp-content\/uploads\/EnisYucel-Bangladesh-Camp-640-612-1Q-1.jpg\" title=\"Enis Y\u00fccel, Photographer, Photography Tours and Photo Workshops\" alt=\"\" loading=\"lazy\">\t\t\t\t\t\t\t\t\t\t\t\t\t\t\t<\/div>\n\t\t\t\t<\/div>\n\t\t\t\t<div class=\"elementor-element elementor-element-f0ffbdc elementor-widget elementor-widget-text-editor\" data-id=\"f0ffbdc\" data-element_type=\"widget\" data-widget_type=\"text-editor.default\">\n\t\t\t\t<div class=\"elementor-widget-container\">\n\t\t\t\t\t\t\t\t\t<p>\u00d6zellikle, s\u0131\u011f\u0131nmac\u0131 ve g\u00f6\u00e7menler, altyap\u0131, \u00e7evresel \u015fartlar ve fakt\u00f6rler ile ilgili konularda, STK&#8217;larla \u00c7al\u0131\u015f\u0131yorum.<\/p>\n\t\t\t\t\t\t\t\t<\/div>\n\t\t\t\t<\/div>\n\t\t\t\t\t<\/div>\n\t\t<\/div>\n\t\t\t\t\t<\/div>\n\t\t<\/section>\n\t\t\t\t<section class=\"elementor-section elementor-inner-section elementor-element elementor-element-c9e2067 elementor-section-boxed elementor-section-height-default elementor-section-height-default\" data-id=\"c9e2067\" data-element_type=\"section\">\n\t\t\t\t\t\t<div class=\"elementor-container elementor-column-gap-default\">\n\t\t\t\t\t<div class=\"elementor-column elementor-col-50 elementor-inner-column elementor-element elementor-element-ce61c1e\" data-id=\"ce61c1e\" data-element_type=\"column\">\n\t\t\t<div class=\"elementor-widget-wrap elementor-element-populated\">\n\t\t\t\t\t\t<div class=\"elementor-element elementor-element-4bdcd14 elementor-widget elementor-widget-heading\" data-id=\"4bdcd14\" data-element_type=\"widget\" data-widget_type=\"heading.default\">\n\t\t\t\t<div class=\"elementor-widget-container\">\n\t\t\t\t\t<h3 class=\"elementor-heading-title elementor-size-default\">Birlikte Neler Yapabiliriz<\/h3>\t\t\t\t<\/div>\n\t\t\t\t<\/div>\n\t\t\t\t<div class=\"elementor-element elementor-element-2923abb elementor-widget elementor-widget-text-editor\" data-id=\"2923abb\" data-element_type=\"widget\" data-widget_type=\"text-editor.default\">\n\t\t\t\t<div class=\"elementor-widget-container\">\n\t\t\t\t\t\t\t\t\tKi\u015fisel ya da Kurumsal Foto\u011fraf \u00c7ekimleri, Foto\u011fraf Turlar\u0131 ya da Foto\u011fraf E\u011fitimleri veya foto\u011fraf ile ilgili her konuda <a href=\"https:\/\/enisyucel.com\/photography\/\/tr\/iletisim-istanbul-fotograf-turlari\/\" target=\"_blank\" rel=\"noopener\">\u0130leti\u015fim Formu&#8217;nu<\/a> kullanarak benimle irtibata ge\u00e7ebilirsiniz. Foto\u011fraf \u00e7al\u0131\u015fmalar\u0131m\u0131 incelemek isterseniz Portf\u00f6y sayfas\u0131na bakabilirsiniz.\n\nFoto\u011fraf \u00e7al\u0131\u015fmalar\u0131m\u0131 incelemek isterseniz <a href=\"https:\/\/enisyucel.myportfolio.com\/refugee-portraits-istanbul-photo-tours\" target=\"_blank\" rel=\"noopener\">buraya t\u0131klay\u0131n\u0131z<\/a>\t\t\t\t\t\t\t\t<\/div>\n\t\t\t\t<\/div>\n\t\t\t\t\t<\/div>\n\t\t<\/div>\n\t\t\t\t<div class=\"elementor-column elementor-col-50 elementor-inner-column elementor-element elementor-element-b2613ad\" data-id=\"b2613ad\" data-element_type=\"column\">\n\t\t\t<div class=\"elementor-widget-wrap elementor-element-populated\">\n\t\t\t\t\t\t<div class=\"elementor-element elementor-element-a312066 elementor-widget elementor-widget-image\" data-id=\"a312066\" data-element_type=\"widget\" data-widget_type=\"image.default\">\n\t\t\t\t<div class=\"elementor-widget-container\">\n\t\t\t\t\t\t\t\t\t\t\t\t\t\t\t<img decoding=\"async\" src=\"https:\/\/enisyucel.com\/photography\/\/wp-content\/uploads\/IMG_0300-BW-1000x1500-0.8Q.jpg\" title=\"Enis Y\u00fccel, Photographer, Photography Tours and Photo Workshops\" alt=\"\" loading=\"lazy\">\t\t\t\t\t\t\t\t\t\t\t\t\t\t\t<\/div>\n\t\t\t\t<\/div>\n\t\t\t\t\t<\/div>\n\t\t<\/div>\n\t\t\t\t\t<\/div>\n\t\t<\/section>\n\t\t\t\t<div class=\"elementor-element elementor-element-4b30cbe elementor-align-center elementor-tablet-align-center elementor-mobile-align-center elementor-widget elementor-widget-button\" data-id=\"4b30cbe\" data-element_type=\"widget\" data-widget_type=\"button.default\">\n\t\t\t\t<div class=\"elementor-widget-container\">\n\t\t\t\t\t\t\t\t\t<div class=\"elementor-button-wrapper\">\n\t\t\t\t\t<a class=\"elementor-button elementor-button-link elementor-size-sm\" href=\"https:\/\/enisyucel.com\/photography\/contact-istanbul-photographer-enis-yucel\/\" target=\"_blank\">\n\t\t\t\t\t\t<span class=\"elementor-button-content-wrapper\">\n\t\t\t\t\t\t\t\t\t<span class=\"elementor-button-text\">BEN\u0130MLE \u0130LET\u0130\u015e\u0130ME GE\u00c7MEK \u0130\u00c7\u0130N<\/span>\n\t\t\t\t\t<\/span>\n\t\t\t\t\t<\/a>\n\t\t\t\t<\/div>\n\t\t\t\t\t\t\t\t<\/div>\n\t\t\t\t<\/div>\n\t\t\t\t\t<\/div>\n\t\t<\/div>\n\t\t\t\t<div class=\"elementor-column elementor-col-50 elementor-top-column elementor-element elementor-element-3deae823\" data-id=\"3deae823\" data-element_type=\"column\">\n\t\t\t<div class=\"elementor-widget-wrap elementor-element-populated\">\n\t\t\t\t\t\t<div class=\"elementor-element elementor-element-858b4a5 animated-slow elementor-invisible elementor-widget elementor-widget-image\" data-id=\"858b4a5\" data-element_type=\"widget\" data-settings=\"{&quot;_animation&quot;:&quot;fadeIn&quot;,&quot;_animation_delay&quot;:0}\" data-widget_type=\"image.default\">\n\t\t\t\t<div class=\"elementor-widget-container\">\n\t\t\t\t\t\t\t\t\t\t\t\t\t\t\t<img decoding=\"async\" src=\"https:\/\/enisyucel.com\/photography\/\/wp-content\/uploads\/2020\/02\/enis-yucel-photography-about-bio-1220x630_retina.png\" title=\"Enis Y\u00fccel, Photographer, Photography Tours and Photo Workshops\" alt=\"\" loading=\"lazy\">\t\t\t\t\t\t\t\t\t\t\t\t\t\t\t<\/div>\n\t\t\t\t<\/div>\n\t\t\t\t\t<\/div>\n\t\t<\/div>\n\t\t\t\t\t<\/div>\n\t\t<\/section>\n\t\t\t\t<section class=\"elementor-section elementor-top-section elementor-element elementor-element-2a753b4 elementor-section-stretched elementor-hidden-phone elementor-hidden-tablet elementor-section-boxed elementor-section-height-default elementor-section-height-default\" data-id=\"2a753b4\" data-element_type=\"section\" data-settings=\"{&quot;background_background&quot;:&quot;classic&quot;,&quot;stretch_section&quot;:&quot;section-stretched&quot;}\">\n\t\t\t\t\t\t<div class=\"elementor-container elementor-column-gap-default\">\n\t\t\t\t\t<div class=\"elementor-column elementor-col-50 elementor-top-column elementor-element elementor-element-fa229ed\" data-id=\"fa229ed\" data-element_type=\"column\">\n\t\t\t<div class=\"elementor-widget-wrap elementor-element-populated\">\n\t\t\t\t\t\t<div class=\"elementor-element elementor-element-a75d4ac elementor-widget elementor-widget-heading\" data-id=\"a75d4ac\" data-element_type=\"widget\" data-widget_type=\"heading.default\">\n\t\t\t\t<div class=\"elementor-widget-container\">\n\t\t\t\t\t<h1 class=\"elementor-heading-title elementor-size-default\">EN\u0130S Y\u00dcCEL<\/h1>\t\t\t\t<\/div>\n\t\t\t\t<\/div>\n\t\t\t\t<div class=\"elementor-element elementor-element-3f02f5d elementor-widget elementor-widget-heading\" data-id=\"3f02f5d\" data-element_type=\"widget\" data-widget_type=\"heading.default\">\n\t\t\t\t<div class=\"elementor-widget-container\">\n\t\t\t\t\t<h2 class=\"elementor-heading-title elementor-size-default\">Biyografi Foto\u011fraf Sanat\u00e7\u0131s\u0131<\/h2>\t\t\t\t<\/div>\n\t\t\t\t<\/div>\n\t\t\t\t<div class=\"elementor-element elementor-element-dbc51b2 elementor-widget elementor-widget-text-editor\" data-id=\"dbc51b2\" data-element_type=\"widget\" data-widget_type=\"text-editor.default\">\n\t\t\t\t<div class=\"elementor-widget-container\">\n\t\t\t\t\t\t\t\t\t<p>\u0130nsan\u0131, i\u00e7inde ya\u015fad\u0131\u011f\u0131 \u00e7evreyi ve \u015fartlar\u0131 yans\u0131tmay\u0131 ama\u00e7layan, bu amac\u0131; ger\u00e7eklikten kopmadan ancak ayn\u0131 zamanda insani bir yakla\u015f\u0131m ve hissiyat ile ger\u00e7ekle\u015ftirmeye \u00e7al\u0131\u015fan foto\u011fraf\u00e7\u0131.<\/p>\n<p>Yakla\u015f\u0131k 10 y\u0131ldan fazla bir s\u00fcredir foto\u011fraf\u00e7\u0131 olarak d\u00fcnyan\u0131n farkl\u0131 b\u00f6lgelerinde \u00f6zellikle insani yard\u0131m, toplumsal, sosyal ve k\u00fclt\u00fcrel konularda foto\u011fraflar \u00e7ekmektedir. Daha \u00e7ok insani ve toplumsal konularda \u00e7al\u0131\u015fmakla beraber, bireysel ve kurumlar i\u00e7in foto\u011fraf \u00e7ekimleri ve foto\u011fraf projeleri d\u00fczenlemekte.<\/p>\n<p><a href=\"https:\/\/photography.enisyucel.com\/tearsheets\" target=\"_blank\" rel=\"noopener\">Conde Naste<\/a>, <a href=\"https:\/\/photography.enisyucel.com\/tearsheets\" target=\"_blank\" rel=\"noopener\">Bayer Chemicals Magazine<\/a>, <a href=\"https:\/\/photography.enisyucel.com\/tearsheets\" target=\"_blank\" rel=\"noopener\">Singapore Airlines<\/a>, <a href=\"https:\/\/photography.enisyucel.com\/tearsheets\" target=\"_blank\" rel=\"noopener\">Silverkris Inflight Magazine<\/a>, <a href=\"https:\/\/www.goethe.de\/ins\/tr\/de\/kul\/sup\/anb\/lms.html\" target=\"_blank\" rel=\"noopener\">Goethe Institute<\/a><\/p>\n<p>gibi uluslararas\u0131 organizasyonlara ve kurumlar i\u00e7in foto\u011fraflar \u00e7ekmi\u015f ve projelerde \u00e7al\u0131\u015fm\u0131\u015ft\u0131r.<\/p>\n\t\t\t\t\t\t\t\t<\/div>\n\t\t\t\t<\/div>\n\t\t\t\t<div class=\"elementor-element elementor-element-a1868c4 elementor-blockquote--skin-quotation elementor-blockquote--align-center elementor-widget elementor-widget-blockquote\" data-id=\"a1868c4\" data-element_type=\"widget\" data-widget_type=\"blockquote.default\">\n\t\t\t\t<div class=\"elementor-widget-container\">\n\t\t\t\t\t\t\t<blockquote class=\"elementor-blockquote\">\n\t\t\t<p class=\"elementor-blockquote__content\">\n\t\t\t\t\u0130\u015fimi, foto\u011fraflad\u0131\u011f\u0131m konulara ve insanlara, her zaman sayg\u0131 \u00e7er\u00e7evesinde yakla\u015farak ve empati kurmay\u0131 akl\u0131mdan hi\u00e7 \u00e7\u0131karmayarak, bu farkl\u0131 temalar\u0131 sadakatle tasvir etmek olarak g\u00f6r\u00fcyorum.\t\t\t<\/p>\n\t\t\t\t\t<\/blockquote>\n\t\t\t\t\t\t<\/div>\n\t\t\t\t<\/div>\n\t\t\t\t<div class=\"elementor-element elementor-element-f071955 animated-slow elementor-invisible elementor-widget elementor-widget-heading\" data-id=\"f071955\" data-element_type=\"widget\" data-settings=\"{&quot;_animation&quot;:&quot;fadeIn&quot;}\" data-widget_type=\"heading.default\">\n\t\t\t\t<div class=\"elementor-widget-container\">\n\t\t\t\t\t<h2 class=\"elementor-heading-title elementor-size-default\">Birlikte neler yapabiliriz<\/h2>\t\t\t\t<\/div>\n\t\t\t\t<\/div>\n\t\t\t\t<div class=\"elementor-element elementor-element-ac85b52 elementor-widget elementor-widget-text-editor\" data-id=\"ac85b52\" data-element_type=\"widget\" data-widget_type=\"text-editor.default\">\n\t\t\t\t<div class=\"elementor-widget-container\">\n\t\t\t\t\t\t\t\t\tKi\u015fisel ya da Kurumsal Foto\u011fraf \u00c7ekimleri, Foto\u011fraf Turlar\u0131 ya da Foto\u011fraf E\u011fitimleri veya foto\u011fraf ile ilgili her konuda \u0130leti\u015fim Formu&#8217;nu kullanarak benimle irtibata ge\u00e7ebilirsiniz. Istanbul\/Kiev\n\nBireysel veya kurumsal foto\u011fraf \u00e7ekimleri, sosyal ya da e\u011fitici ama\u00e7l\u0131 foto\u011fraf projeleri, sergi, veya foto\u011fraf e\u011fitimleri ile ilgili konularda \u0130leti\u015fim Formu&#8217;nu kullanarak benimle irtibata ge\u00e7ebilirsiniz. Foto\u011fraf \u00e7al\u0131\u015fmalar\u0131m\u0131 incelemek isterseniz <a href=\"https:\/\/enisyucel.myportfolio.com\/refugee-portraits-istanbul-photo-tours\" target=\"_blank\" rel=\"noopener\">buraya t\u0131klay\u0131n\u0131z<\/a>\t\t\t\t\t\t\t\t<\/div>\n\t\t\t\t<\/div>\n\t\t\t\t<div class=\"elementor-element elementor-element-e890eee elementor-align-center elementor-tablet-align-center elementor-mobile-align-center elementor-widget elementor-widget-button\" data-id=\"e890eee\" data-element_type=\"widget\" data-widget_type=\"button.default\">\n\t\t\t\t<div class=\"elementor-widget-container\">\n\t\t\t\t\t\t\t\t\t<div class=\"elementor-button-wrapper\">\n\t\t\t\t\t<a class=\"elementor-button elementor-button-link elementor-size-sm\" href=\"https:\/\/enisyucel.com\/photography\/contact-istanbul-photographer-enis-yucel\/\" target=\"_blank\">\n\t\t\t\t\t\t<span class=\"elementor-button-content-wrapper\">\n\t\t\t\t\t\t\t\t\t<span class=\"elementor-button-text\">BEN\u0130MLE \u0130LET\u0130\u015e\u0130ME GE\u00c7MEK \u0130\u00c7\u0130N<\/span>\n\t\t\t\t\t<\/span>\n\t\t\t\t\t<\/a>\n\t\t\t\t<\/div>\n\t\t\t\t\t\t\t\t<\/div>\n\t\t\t\t<\/div>\n\t\t\t\t\t<\/div>\n\t\t<\/div>\n\t\t\t\t<div class=\"elementor-column elementor-col-50 elementor-top-column elementor-element elementor-element-d9711c6\" data-id=\"d9711c6\" data-element_type=\"column\" data-settings=\"{&quot;background_background&quot;:&quot;classic&quot;}\">\n\t\t\t<div class=\"elementor-widget-wrap elementor-element-populated\">\n\t\t\t\t\t\t<div class=\"elementor-element elementor-element-286b7f5 animated-slow elementor-invisible elementor-widget elementor-widget-image\" data-id=\"286b7f5\" data-element_type=\"widget\" data-settings=\"{&quot;_animation&quot;:&quot;fadeIn&quot;,&quot;_animation_delay&quot;:0}\" data-widget_type=\"image.default\">\n\t\t\t\t<div class=\"elementor-widget-container\">\n\t\t\t\t\t\t\t\t\t\t\t\t\t\t\t<img decoding=\"async\" src=\"https:\/\/enisyucel.com\/photography\/\/wp-content\/uploads\/EnisYucel-Mardin-1500-844-0.8Q.jpg\" title=\"Enis Y\u00fccel, Photographer, Photography Tours and Photo Workshops\" alt=\"\" loading=\"lazy\">\t\t\t\t\t\t\t\t\t\t\t\t\t\t\t<\/div>\n\t\t\t\t<\/div>\n\t\t\t\t<div class=\"elementor-element elementor-element-4620878 elementor-widget elementor-widget-text-editor\" data-id=\"4620878\" data-element_type=\"widget\" data-widget_type=\"text-editor.default\">\n\t\t\t\t<div class=\"elementor-widget-container\">\n\t\t\t\t\t\t\t\t\t<p>Foto\u011fraflar\u0131m\u0131 analiz eden sevimli, k\u00fc\u00e7\u00fck canavarlar.<\/p>\n\t\t\t\t\t\t\t\t<\/div>\n\t\t\t\t<\/div>\n\t\t\t\t<section class=\"elementor-section elementor-inner-section elementor-element elementor-element-9c92ef7 elementor-section-boxed elementor-section-height-default elementor-section-height-default\" data-id=\"9c92ef7\" data-element_type=\"section\">\n\t\t\t\t\t\t<div class=\"elementor-container elementor-column-gap-default\">\n\t\t\t\t\t<div class=\"elementor-column elementor-col-50 elementor-inner-column elementor-element elementor-element-b53e8a1\" data-id=\"b53e8a1\" data-element_type=\"column\">\n\t\t\t<div class=\"elementor-widget-wrap elementor-element-populated\">\n\t\t\t\t\t\t<div class=\"elementor-element elementor-element-99c3e3d elementor-widget elementor-widget-image\" data-id=\"99c3e3d\" data-element_type=\"widget\" data-widget_type=\"image.default\">\n\t\t\t\t<div class=\"elementor-widget-container\">\n\t\t\t\t\t\t\t\t\t\t\t\t\t\t\t<img decoding=\"async\" src=\"https:\/\/enisyucel.com\/photography\/\/wp-content\/uploads\/IMG_0300-BW-1000x1500-0.8Q.jpg\" title=\"Enis Y\u00fccel, Photographer, Photography Tours and Photo Workshops\" alt=\"\" loading=\"lazy\">\t\t\t\t\t\t\t\t\t\t\t\t\t\t\t<\/div>\n\t\t\t\t<\/div>\n\t\t\t\t\t<\/div>\n\t\t<\/div>\n\t\t\t\t<div class=\"elementor-column elementor-col-50 elementor-inner-column elementor-element elementor-element-c01a1dd\" data-id=\"c01a1dd\" data-element_type=\"column\">\n\t\t\t<div class=\"elementor-widget-wrap elementor-element-populated\">\n\t\t\t\t\t\t<div class=\"elementor-element elementor-element-ad0e8a3 elementor-widget elementor-widget-image\" data-id=\"ad0e8a3\" data-element_type=\"widget\" data-widget_type=\"image.default\">\n\t\t\t\t<div class=\"elementor-widget-container\">\n\t\t\t\t\t\t\t\t\t\t\t\t\t\t\t<img decoding=\"async\" src=\"https:\/\/enisyucel.com\/photography\/\/wp-content\/uploads\/EnisYucel-Bangladesh-Camp-640-612-1Q-1.jpg\" title=\"Enis Y\u00fccel, Photographer, Photography Tours and Photo Workshops\" alt=\"\" loading=\"lazy\">\t\t\t\t\t\t\t\t\t\t\t\t\t\t\t<\/div>\n\t\t\t\t<\/div>\n\t\t\t\t<div class=\"elementor-element elementor-element-d3f5c99 elementor-widget elementor-widget-text-editor\" data-id=\"d3f5c99\" data-element_type=\"widget\" data-widget_type=\"text-editor.default\">\n\t\t\t\t<div class=\"elementor-widget-container\">\n\t\t\t\t\t\t\t\t\t<p>\u00d6zellikle, s\u0131\u011f\u0131nmac\u0131 ve g\u00f6\u00e7menler, altyap\u0131, \u00e7evresel \u015fartlar ve fakt\u00f6rler ile ilgili konularda, STK&#8217;larla \u00c7al\u0131\u015f\u0131yorum.<\/p>\n\t\t\t\t\t\t\t\t<\/div>\n\t\t\t\t<\/div>\n\t\t\t\t\t<\/div>\n\t\t<\/div>\n\t\t\t\t\t<\/div>\n\t\t<\/section>\n\t\t\t\t<section class=\"elementor-section elementor-inner-section elementor-element elementor-element-3461c4d elementor-section-boxed elementor-section-height-default elementor-section-height-default\" data-id=\"3461c4d\" data-element_type=\"section\">\n\t\t\t\t\t\t<div class=\"elementor-container elementor-column-gap-default\">\n\t\t\t\t\t<div class=\"elementor-column elementor-col-100 elementor-inner-column elementor-element elementor-element-d1a804e\" data-id=\"d1a804e\" data-element_type=\"column\">\n\t\t\t<div class=\"elementor-widget-wrap elementor-element-populated\">\n\t\t\t\t\t\t<div class=\"elementor-element elementor-element-b01efea elementor-widget elementor-widget-image\" data-id=\"b01efea\" data-element_type=\"widget\" data-widget_type=\"image.default\">\n\t\t\t\t<div class=\"elementor-widget-container\">\n\t\t\t\t\t\t\t\t\t\t\t\t\t\t\t\t<a href=\"https:\/\/www.goethe.de\/ins\/tr\/de\/kul\/sup\/anb.html%20\" target=\"_blank\" rel=\"noopener\">\n\t\t\t\t\t\t\t<img decoding=\"async\" src=\"https:\/\/enisyucel.com\/photography\/\/wp-content\/uploads\/2020\/02\/enis-yucel-photography-about-bio-1220x630_retina.png\" title=\"Enis Y\u00fccel, Photographer, Photography Tours and Photo Workshops\" alt=\"\" loading=\"lazy\">\t\t\t\t\t\t\t\t<\/a>\n\t\t\t\t\t\t\t\t\t\t\t\t\t\t\t<\/div>\n\t\t\t\t<\/div>\n\t\t\t\t<div class=\"elementor-element elementor-element-fa5cefe elementor-widget elementor-widget-text-editor\" data-id=\"fa5cefe\" data-element_type=\"widget\" data-widget_type=\"text-editor.default\">\n\t\t\t\t<div class=\"elementor-widget-container\">\n\t\t\t\t\t\t\t\t\t<p>Ankara&#8217;da d\u00fczenlenen M\u00fclteciler Sempozyumu&#8217;nda yer alan Sosyal Uyum konulu sergi haz\u0131rl\u0131klar\u0131.<\/p>\n\t\t\t\t\t\t\t\t<\/div>\n\t\t\t\t<\/div>\n\t\t\t\t\t<\/div>\n\t\t<\/div>\n\t\t\t\t\t<\/div>\n\t\t<\/section>\n\t\t\t\t\t<\/div>\n\t\t<\/div>\n\t\t\t\t\t<\/div>\n\t\t<\/section>\n\t\t\t\t<\/div>\n\t\t","protected":false},"excerpt":{"rendered":"<p>EN\u0130S Y\u00dcCEL Hakk\u0131nda \u0130nsan\u0131, i\u00e7inde ya\u015fad\u0131\u011f\u0131 \u00e7evreyi ve \u015fartlar\u0131 yans\u0131tmay\u0131 ama\u00e7layan, bu amac\u0131; ger\u00e7eklikten kopmadan ancak ayn\u0131 zamanda insani bir yakla\u015f\u0131m ve hissiyat ile ger\u00e7ekle\u015ftirmeye \u00e7al\u0131\u015fan foto\u011fraf\u00e7\u0131. Yakla\u015f\u0131k 10 y\u0131ldan fazla bir s\u00fcredir foto\u011fraf\u00e7\u0131 olarak d\u00fcnyan\u0131n farkl\u0131 b\u00f6lgelerinde \u00f6zellikle insani yard\u0131m, toplumsal, sosyal ve k\u00fclt\u00fcrel konularda foto\u011fraflar \u00e7ekmektedir. Daha \u00e7ok insani ve toplumsal konularda \u00e7al\u0131\u015fmakla [&hellip;]<\/p>\n","protected":false},"author":1,"featured_media":0,"parent":0,"menu_order":200002,"comment_status":"closed","ping_status":"closed","template":"","meta":{"_acf_changed":false,"footnotes":""},"badge":[],"photo_activity_type":[],"photo_tour_type":[],"workshop_locations":[],"class_list":["post-2409","page","type-page","status-publish","hentry"],"acf":[],"_links":{"self":[{"href":"https:\/\/enisyucel.com\/photography\/wp-json\/wp\/v2\/pages\/2409","targetHints":{"allow":["GET"]}}],"collection":[{"href":"https:\/\/enisyucel.com\/photography\/wp-json\/wp\/v2\/pages"}],"about":[{"href":"https:\/\/enisyucel.com\/photography\/wp-json\/wp\/v2\/types\/page"}],"author":[{"embeddable":true,"href":"https:\/\/enisyucel.com\/photography\/wp-json\/wp\/v2\/users\/1"}],"replies":[{"embeddable":true,"href":"https:\/\/enisyucel.com\/photography\/wp-json\/wp\/v2\/comments?post=2409"}],"version-history":[{"count":0,"href":"https:\/\/enisyucel.com\/photography\/wp-json\/wp\/v2\/pages\/2409\/revisions"}],"wp:attachment":[{"href":"https:\/\/enisyucel.com\/photography\/wp-json\/wp\/v2\/media?parent=2409"}],"wp:term":[{"taxonomy":"badge","embeddable":true,"href":"https:\/\/enisyucel.com\/photography\/wp-json\/wp\/v2\/badge?post=2409"},{"taxonomy":"photo_activity_type","embeddable":true,"href":"https:\/\/enisyucel.com\/photography\/wp-json\/wp\/v2\/photo_activity_type?post=2409"},{"taxonomy":"photo_tour_type","embeddable":true,"href":"https:\/\/enisyucel.com\/photography\/wp-json\/wp\/v2\/photo_tour_type?post=2409"},{"taxonomy":"workshop_locations","embeddable":true,"href":"https:\/\/enisyucel.com\/photography\/wp-json\/wp\/v2\/workshop_locations?post=2409"}],"curies":[{"name":"wp","href":"https:\/\/api.w.org\/{rel}","templated":true}]}}