{"id":17660,"date":"2022-01-25T15:02:09","date_gmt":"2022-01-25T15:02:09","guid":{"rendered":"https:\/\/enisyucel.com\/photography\/?page_id=17660"},"modified":"2026-04-08T21:50:41","modified_gmt":"2026-04-08T21:50:41","slug":"newsletter-sign-up","status":"publish","type":"page","link":"https:\/\/enisyucel.com\/photography\/newsletter-sign-up\/","title":{"rendered":"Newsletter Sign Up &#8211; Enis Y\u00fccel Photography Newsletter"},"content":{"rendered":"\t\t<div data-elementor-type=\"wp-page\" data-elementor-id=\"17660\" class=\"elementor elementor-17660\" data-elementor-post-type=\"page\">\n\t\t\t\t<footer class=\"elementor-element elementor-element-454efd5 e-flex e-con-boxed e-con e-parent\" data-id=\"454efd5\" data-element_type=\"container\" data-settings=\"{&quot;background_background&quot;:&quot;classic&quot;}\">\n\t\t\t\t\t<div class=\"e-con-inner\">\n\t\t<div class=\"elementor-element elementor-element-9637c18 e-con-full e-flex e-con e-child\" data-id=\"9637c18\" data-element_type=\"container\" data-settings=\"{&quot;background_background&quot;:&quot;classic&quot;}\">\n\t\t<div class=\"elementor-element elementor-element-e30cad1 e-con-full e-flex e-con e-child\" data-id=\"e30cad1\" data-element_type=\"container\" data-settings=\"{&quot;background_background&quot;:&quot;classic&quot;}\">\n\t\t\t\t<div class=\"elementor-element elementor-element-7383b52 elementor-widget elementor-widget-text-editor\" data-id=\"7383b52\" data-element_type=\"widget\" data-widget_type=\"text-editor.default\">\n\t\t\t\t<div class=\"elementor-widget-container\">\n\t\t\t\t\t\t\t\t\t<p style=\"text-align: center;\">Join my <em>newsletter<br \/>Curated<\/em> content, mailed <em>monthly<\/em>.<\/p>\t\t\t\t\t\t\t\t<\/div>\n\t\t\t\t<\/div>\n\t\t\t\t<div class=\"elementor-element elementor-element-41a0226 elementor-widget__width-initial elementor-widget elementor-widget-html\" data-id=\"41a0226\" data-element_type=\"widget\" data-widget_type=\"html.default\">\n\t\t\t\t<div class=\"elementor-widget-container\">\n\t\t\t\t\t<div id=\"mc_embed_shell\">\n    <div id=\"mc_embed_signup\">\n        <form action=\"https:\/\/enisyucel.us4.list-manage.com\/subscribe\/post?u=fbaf4adffe352f22294406d83&amp;id=d89e7b976a&amp;f_id=00584debf0\" method=\"post\" id=\"mc-embedded-subscribe-form\" name=\"mc-embedded-subscribe-form\" class=\"validate\" target=\"_self\">\n            \n            <div id=\"mc_embed_signup_scroll\" class=\"newsletter-form\">\n                <div class=\"newsletter-input\">\n                    <label for=\"mce-EMAIL\">\n                        <input type=\"email\" name=\"EMAIL\" class=\"required email\" id=\"mce-EMAIL\" required value=\"\" placeholder=\"Email\">\n                    <\/label>\n                <\/div>\n                \n                \n                \n                  <!-- Gizli olan Email Interests alanlar\u0131: Bunlar\u0131 koyduk ki bu listeye kaydolan ki\u015finin kayd\u0131nda Email Interests alan\u0131na Newsletter yazs\u0131n. -->\n                  <div class=\"mc-field-group input-group\" style=\"display:none;\">\n  <ul>\n    <li>\n      <input type=\"checkbox\" name=\"group[79963][1]\" id=\"mce-group[79963]-79963-0\" value=\"\" checked>\n      <label for=\"mce-group[79963]-79963-0\">Newsletter<\/label>\n    <\/li>\n    <li>\n      <input type=\"checkbox\" name=\"group[79963][2]\" id=\"mce-group[79963]-79963-1\" value=\"\">\n      <label for=\"mce-group[79963]-79963-1\">Workshops &amp; Tours<\/label>\n    <\/li>\n  <\/ul>\n<\/div>\n               <!-- Gizli olan Email Interests alanlar\u0131 B\u0130TER  -->    \n                \n                \n                <div aria-hidden=\"true\" style=\"position: absolute; left: -5000px;\">\n                    <input type=\"text\" name=\"b_fbaf4adffe352f22294406d83_d89e7b976a\" tabindex=\"-1\" value=\"\">\n                <\/div>\n           \n                <div class=\"newsletter-button\">\n                    <input type=\"submit\" name=\"subscribe\" id=\"mc-embedded-subscribe\" value=\"\u2192\">\n                <\/div>\n            <\/div>\n\n            <div class=\"gdpr-box-fixed breakout-line\">\n                <input type=\"checkbox\" name=\"MMERGE7\" value=\"accepted\" id=\"gdpr_consent\" required>\n                <label for=\"gdpr_consent\">\n                    I have read and accept the <a href=\"https:\/\/enisyucel.com\/photography\/privacy-policy\/\" class=\"gdpr-link\">PRIVACY POLICY<\/a> \n                <\/label>\n            <\/div>\n\n            <div id=\"mce-responses\" class=\"newsletter-response\">\n                <div class=\"response\" id=\"mce-error-response\" style=\"display:none\"><\/div>\n                <div class=\"response\" id=\"mce-success-response\" style=\"display:none\"><\/div>\n            <\/div>\n        <\/form>\n    <\/div>\n<\/div>\t\t\t\t<\/div>\n\t\t\t\t<\/div>\n\t\t\t\t<\/div>\n\t\t\t\t<\/div>\n\t\t\t\t<div class=\"elementor-element elementor-element-b38ed43 ozel-cizgi elementor-hidden-desktop elementor-hidden-tablet elementor-widget-divider--view-line elementor-widget elementor-widget-divider\" data-id=\"b38ed43\" data-element_type=\"widget\" data-widget_type=\"divider.default\">\n\t\t\t\t<div class=\"elementor-widget-container\">\n\t\t\t\t\t\t\t<div class=\"elementor-divider\">\n\t\t\t<span class=\"elementor-divider-separator\">\n\t\t\t\t\t\t<\/span>\n\t\t<\/div>\n\t\t\t\t\t\t<\/div>\n\t\t\t\t<\/div>\n\t\t<div class=\"elementor-element elementor-element-1107a9b e-con-full e-flex e-con e-child\" data-id=\"1107a9b\" data-element_type=\"container\">\n\t\t\t\t<div class=\"elementor-element elementor-element-04ef8b7 elementor-widget elementor-widget-text-editor\" data-id=\"04ef8b7\" data-element_type=\"widget\" data-widget_type=\"text-editor.default\">\n\t\t\t\t<div class=\"elementor-widget-container\">\n\t\t\t\t\t\t\t\t\t<p><i>Follow me<\/i><\/p>\t\t\t\t\t\t\t\t<\/div>\n\t\t\t\t<\/div>\n\t\t\t\t<div class=\"elementor-element elementor-element-10a73c3 e-grid-align-mobile-center elementor-shape-circle elementor-grid-0 e-grid-align-center elementor-widget elementor-widget-social-icons\" data-id=\"10a73c3\" data-element_type=\"widget\" data-widget_type=\"social-icons.default\">\n\t\t\t\t<div class=\"elementor-widget-container\">\n\t\t\t\t\t\t\t<div class=\"elementor-social-icons-wrapper elementor-grid\" role=\"list\">\n\t\t\t\t\t\t\t<span class=\"elementor-grid-item\" role=\"listitem\">\n\t\t\t\t\t<a class=\"elementor-icon elementor-social-icon elementor-social-icon-facebook-f elementor-repeater-item-a6ce094\" href=\"https:\/\/www.facebook.com\/enisyucelphotography\" target=\"_blank\" rel=\"noopener\">\n\t\t\t\t\t\t<span class=\"elementor-screen-only\">Facebook-f<\/span>\n\t\t\t\t\t\t<svg aria-hidden=\"true\" class=\"e-font-icon-svg e-fab-facebook-f\" viewBox=\"0 0 320 512\" xmlns=\"http:\/\/www.w3.org\/2000\/svg\"><path d=\"M279.14 288l14.22-92.66h-88.91v-60.13c0-25.35 12.42-50.06 52.24-50.06h40.42V6.26S260.43 0 225.36 0c-73.22 0-121.08 44.38-121.08 124.72v70.62H22.89V288h81.39v224h100.17V288z\"><\/path><\/svg>\t\t\t\t\t<\/a>\n\t\t\t\t<\/span>\n\t\t\t\t\t\t\t<span class=\"elementor-grid-item\" role=\"listitem\">\n\t\t\t\t\t<a class=\"elementor-icon elementor-social-icon elementor-social-icon-instagram elementor-repeater-item-7765df3\" href=\"https:\/\/www.instagram.com\/enisyucel_photography\/\" target=\"_blank\" rel=\"noopener\">\n\t\t\t\t\t\t<span class=\"elementor-screen-only\">Instagram<\/span>\n\t\t\t\t\t\t<svg aria-hidden=\"true\" class=\"e-font-icon-svg e-fab-instagram\" viewBox=\"0 0 448 512\" xmlns=\"http:\/\/www.w3.org\/2000\/svg\"><path d=\"M224.1 141c-63.6 0-114.9 51.3-114.9 114.9s51.3 114.9 114.9 114.9S339 319.5 339 255.9 287.7 141 224.1 141zm0 189.6c-41.1 0-74.7-33.5-74.7-74.7s33.5-74.7 74.7-74.7 74.7 33.5 74.7 74.7-33.6 74.7-74.7 74.7zm146.4-194.3c0 14.9-12 26.8-26.8 26.8-14.9 0-26.8-12-26.8-26.8s12-26.8 26.8-26.8 26.8 12 26.8 26.8zm76.1 27.2c-1.7-35.9-9.9-67.7-36.2-93.9-26.2-26.2-58-34.4-93.9-36.2-37-2.1-147.9-2.1-184.9 0-35.8 1.7-67.6 9.9-93.9 36.1s-34.4 58-36.2 93.9c-2.1 37-2.1 147.9 0 184.9 1.7 35.9 9.9 67.7 36.2 93.9s58 34.4 93.9 36.2c37 2.1 147.9 2.1 184.9 0 35.9-1.7 67.7-9.9 93.9-36.2 26.2-26.2 34.4-58 36.2-93.9 2.1-37 2.1-147.8 0-184.8zM398.8 388c-7.8 19.6-22.9 34.7-42.6 42.6-29.5 11.7-99.5 9-132.1 9s-102.7 2.6-132.1-9c-19.6-7.8-34.7-22.9-42.6-42.6-11.7-29.5-9-99.5-9-132.1s-2.6-102.7 9-132.1c7.8-19.6 22.9-34.7 42.6-42.6 29.5-11.7 99.5-9 132.1-9s102.7-2.6 132.1 9c19.6 7.8 34.7 22.9 42.6 42.6 11.7 29.5 9 99.5 9 132.1s2.7 102.7-9 132.1z\"><\/path><\/svg>\t\t\t\t\t<\/a>\n\t\t\t\t<\/span>\n\t\t\t\t\t\t\t<span class=\"elementor-grid-item\" role=\"listitem\">\n\t\t\t\t\t<a class=\"elementor-icon elementor-social-icon elementor-social-icon-linkedin-in elementor-repeater-item-3449618\" href=\"http:\/\/tr.linkedin.com\/in\/enisyucel\" target=\"_blank\" rel=\"noopener\">\n\t\t\t\t\t\t<span class=\"elementor-screen-only\">Linkedin-in<\/span>\n\t\t\t\t\t\t<svg aria-hidden=\"true\" class=\"e-font-icon-svg e-fab-linkedin-in\" viewBox=\"0 0 448 512\" xmlns=\"http:\/\/www.w3.org\/2000\/svg\"><path d=\"M100.28 448H7.4V148.9h92.88zM53.79 108.1C24.09 108.1 0 83.5 0 53.8a53.79 53.79 0 0 1 107.58 0c0 29.7-24.1 54.3-53.79 54.3zM447.9 448h-92.68V302.4c0-34.7-.7-79.2-48.29-79.2-48.29 0-55.69 37.7-55.69 76.7V448h-92.78V148.9h89.08v40.8h1.3c12.4-23.5 42.69-48.3 87.88-48.3 94 0 111.28 61.9 111.28 142.3V448z\"><\/path><\/svg>\t\t\t\t\t<\/a>\n\t\t\t\t<\/span>\n\t\t\t\t\t<\/div>\n\t\t\t\t\t\t<\/div>\n\t\t\t\t<\/div>\n\t\t\t\t<\/div>\n\t\t\t\t\t<\/div>\n\t\t\t\t<\/footer>\n\t\t<footer class=\"elementor-element elementor-element-c5a9cd8 e-flex e-con-boxed e-con e-parent\" data-id=\"c5a9cd8\" data-element_type=\"container\" data-settings=\"{&quot;background_background&quot;:&quot;classic&quot;}\">\n\t\t\t\t\t<div class=\"e-con-inner\">\n\t\t<div class=\"elementor-element elementor-element-d065834 e-con-full e-flex e-con e-child\" data-id=\"d065834\" data-element_type=\"container\" data-settings=\"{&quot;background_background&quot;:&quot;classic&quot;}\">\n\t\t\t\t<div class=\"elementor-element elementor-element-d5c7bd2 elementor-widget elementor-widget-text-editor\" data-id=\"d5c7bd2\" data-element_type=\"widget\" data-widget_type=\"text-editor.default\">\n\t\t\t\t<div class=\"elementor-widget-container\">\n\t\t\t\t\t\t\t\t\t<p>Questions?<\/p>\t\t\t\t\t\t\t\t<\/div>\n\t\t\t\t<\/div>\n\t\t\t\t<div class=\"elementor-element elementor-element-29e00c3 elementor-widget elementor-widget-text-editor\" data-id=\"29e00c3\" data-element_type=\"widget\" data-widget_type=\"text-editor.default\">\n\t\t\t\t<div class=\"elementor-widget-container\">\n\t\t\t\t\t\t\t\t\t<p>see the <span class=\"faq-highlight\">frequently asked questions<\/span> or send us <a class=\"gdpr-link\" href=\"https:\/\/enisyucel.com\/photography\/contact-istanbul-photographer-enis-yucel\/\">message<\/a><\/p>\t\t\t\t\t\t\t\t<\/div>\n\t\t\t\t<\/div>\n\t\t\t\t<\/div>\n\t\t\t\t\t<\/div>\n\t\t\t\t<\/footer>\n\t\t<footer class=\"elementor-element elementor-element-2fa2b0a e-flex e-con-boxed e-con e-parent\" data-id=\"2fa2b0a\" data-element_type=\"container\" data-settings=\"{&quot;background_background&quot;:&quot;classic&quot;}\">\n\t\t\t\t\t<div class=\"e-con-inner\">\n\t\t<div class=\"elementor-element elementor-element-f91f0c5 e-con-full e-flex e-con e-child\" data-id=\"f91f0c5\" data-element_type=\"container\" data-settings=\"{&quot;background_background&quot;:&quot;classic&quot;}\">\n\t\t\t\t<div class=\"elementor-element elementor-element-5de032e elementor-widget elementor-widget-html\" data-id=\"5de032e\" data-element_type=\"widget\" data-widget_type=\"html.default\">\n\t\t\t\t<div class=\"elementor-widget-container\">\n\t\t\t\t\t<div class=\"footer-logo-container\">\n    <div class=\"logo-part part-left desktop-only\">\n        <img decoding=\"async\" src=\"https:\/\/enisyucel.com\/photography\/wp-content\/uploads\/enisss.svg\" alt=\"Enis\" title=\"Enis Y\u00fccel, Photographer, Photography Tours and Photo Workshops\">\n    <\/div>\n    \n    <div class=\"logo-part part-right desktop-only\">\n        <img decoding=\"async\" src=\"https:\/\/enisyucel.com\/photography\/wp-content\/uploads\/yucelll.svg\" alt=\"Y\u00fccel\" title=\"Enis Y\u00fccel, Photographer, Photography Tours and Photo Workshops\">\n    <\/div>\n\n    <div class=\"logo-part part-mobile mobile-only\">\n        <img decoding=\"async\" src=\"https:\/\/enisyucel.com\/photography\/wp-content\/uploads\/e.svg\" alt=\"Enis Y\u00fccel\" title=\"Enis Y\u00fccel, Photographer, Photography Tours and Photo Workshops\">\n    <\/div>\n<\/div>\n\n<style>\n.footer-logo-container {\n    display: flex;\n    justify-content: space-between; \n    align-items: center; \n    overflow: hidden;\n    padding: 0; \n    width: 100%;\n    box-sizing: border-box;\n}\n\n.logo-part {\n    opacity: 0;\n    transition: all 1.8s cubic-bezier(0.22, 1, 0.36, 1); \n    flex: 0 1 auto;\n}\n\n\/* Masa\u00fcst\u00fc Animasyon Y\u00f6nleri *\/\n.part-left { transform: translateX(-100px); }\n.part-right { transform: translateX(100px); }\n\n\/* Mobil Animasyon Y\u00f6n\u00fc (A\u015fa\u011f\u0131dan yukar\u0131) *\/\n.part-mobile { transform: translateY(50px); }\n\n.footer-logo-container.is-visible .logo-part {\n    opacity: 1;\n    transform: translate(0);\n}\n\n.part-left img { width: 30vw; height: auto; }\n.part-right img { width: 30vw; height: auto; }\n\n\/* --- G\u00d6R\u00dcN\u00dcRL\u00dcK AYARLARI --- *\/\n.mobile-only { display: none; }\n\n@media (max-width: 768px) {\n    .desktop-only { display: none; }\n    .mobile-only { display: block; }\n\n    .footer-logo-container {\n        justify-content: center;\n        padding: 0;\n    }\n\n    .part-mobile img {\n        width: 80vw; \/* Mobilde logonun geni\u015fli\u011fi *\/\n        height: auto;\n        display: block;\n        margin: 0 auto;\n    }\n}\n<\/style>\n\n<script>\ndocument.addEventListener(\"DOMContentLoaded\", function() {\n    const observer = new IntersectionObserver((entries) => {\n        entries.forEach(entry => {\n            if (entry.isIntersecting) {\n                entry.target.classList.add('is-visible');\n            }\n        });\n    }, { threshold: 0.1 });\n\n    const target = document.querySelector('.footer-logo-container');\n    if (target) observer.observe(target);\n});\n<\/script>\t\t\t\t<\/div>\n\t\t\t\t<\/div>\n\t\t\t\t<\/div>\n\t\t\t\t\t<\/div>\n\t\t\t\t<\/footer>\n\t\t<footer class=\"elementor-element elementor-element-eab5436 e-flex e-con-boxed e-con e-parent\" data-id=\"eab5436\" data-element_type=\"container\" data-settings=\"{&quot;background_background&quot;:&quot;classic&quot;}\">\n\t\t\t\t\t<div class=\"e-con-inner\">\n\t\t<div class=\"elementor-element elementor-element-611000d e-con-full e-flex e-con e-child\" data-id=\"611000d\" data-element_type=\"container\" data-settings=\"{&quot;background_background&quot;:&quot;classic&quot;}\">\n\t\t\t\t<div class=\"elementor-element elementor-element-a5a2dc1 elementor-widget elementor-widget-text-editor\" data-id=\"a5a2dc1\" data-element_type=\"widget\" data-widget_type=\"text-editor.default\">\n\t\t\t\t<div class=\"elementor-widget-container\">\n\t\t\t\t\t\t\t\t\t<p>Enis Y\u00fccel Photography<\/p>\t\t\t\t\t\t\t\t<\/div>\n\t\t\t\t<\/div>\n\t\t\t\t<\/div>\n\t\t<div class=\"elementor-element elementor-element-abcea5c e-con-full e-flex e-con e-child\" data-id=\"abcea5c\" data-element_type=\"container\" data-settings=\"{&quot;background_background&quot;:&quot;classic&quot;}\">\n\t\t\t\t<div class=\"elementor-element elementor-element-08a8560 elementor-widget elementor-widget-text-editor\" data-id=\"08a8560\" data-element_type=\"widget\" data-widget_type=\"text-editor.default\">\n\t\t\t\t<div class=\"elementor-widget-container\">\n\t\t\t\t\t\t\t\t\t\u00a9 2026 | All rights reserved\t\t\t\t\t\t\t\t<\/div>\n\t\t\t\t<\/div>\n\t\t\t\t<\/div>\n\t\t<div class=\"elementor-element elementor-element-6f32edd e-con-full e-flex e-con e-child\" data-id=\"6f32edd\" data-element_type=\"container\">\n\t\t\t\t<div class=\"elementor-element elementor-element-01e80d0 elementor-widget elementor-widget-text-editor\" data-id=\"01e80d0\" data-element_type=\"widget\" data-widget_type=\"text-editor.default\">\n\t\t\t\t<div class=\"elementor-widget-container\">\n\t\t\t\t\t\t\t\t\tDeveloped by  <a href=\"https:\/\/enisyucel.com\/photography\/privacy-policy\/\" class=\"gdpr-link\">Enis Y\u00fccel<\/a> \t\t\t\t\t\t\t\t<\/div>\n\t\t\t\t<\/div>\n\t\t\t\t<\/div>\n\t\t\t\t\t<\/div>\n\t\t\t\t<\/footer>\n\t\t\t\t<\/div>\n\t\t","protected":false},"excerpt":{"rendered":"<p>Join my newsletterCurated content, mailed monthly. Newsletter Workshops &amp; Tours I have read and accept the PRIVACY POLICY Follow me Facebook-f Instagram Linkedin-in Questions? see the frequently asked questions or send us message Enis Y\u00fccel Photography \u00a9 2026 | All rights reservedDeveloped by Enis Y\u00fccel<\/p>\n","protected":false},"author":1,"featured_media":0,"parent":0,"menu_order":20000,"comment_status":"closed","ping_status":"closed","template":"","meta":{"_acf_changed":false,"footnotes":""},"badge":[],"photo_activity_type":[],"photo_tour_type":[],"workshop_locations":[],"class_list":["post-17660","page","type-page","status-publish","hentry"],"acf":[],"_links":{"self":[{"href":"https:\/\/enisyucel.com\/photography\/wp-json\/wp\/v2\/pages\/17660","targetHints":{"allow":["GET"]}}],"collection":[{"href":"https:\/\/enisyucel.com\/photography\/wp-json\/wp\/v2\/pages"}],"about":[{"href":"https:\/\/enisyucel.com\/photography\/wp-json\/wp\/v2\/types\/page"}],"author":[{"embeddable":true,"href":"https:\/\/enisyucel.com\/photography\/wp-json\/wp\/v2\/users\/1"}],"replies":[{"embeddable":true,"href":"https:\/\/enisyucel.com\/photography\/wp-json\/wp\/v2\/comments?post=17660"}],"version-history":[{"count":36,"href":"https:\/\/enisyucel.com\/photography\/wp-json\/wp\/v2\/pages\/17660\/revisions"}],"predecessor-version":[{"id":37860,"href":"https:\/\/enisyucel.com\/photography\/wp-json\/wp\/v2\/pages\/17660\/revisions\/37860"}],"wp:attachment":[{"href":"https:\/\/enisyucel.com\/photography\/wp-json\/wp\/v2\/media?parent=17660"}],"wp:term":[{"taxonomy":"badge","embeddable":true,"href":"https:\/\/enisyucel.com\/photography\/wp-json\/wp\/v2\/badge?post=17660"},{"taxonomy":"photo_activity_type","embeddable":true,"href":"https:\/\/enisyucel.com\/photography\/wp-json\/wp\/v2\/photo_activity_type?post=17660"},{"taxonomy":"photo_tour_type","embeddable":true,"href":"https:\/\/enisyucel.com\/photography\/wp-json\/wp\/v2\/photo_tour_type?post=17660"},{"taxonomy":"workshop_locations","embeddable":true,"href":"https:\/\/enisyucel.com\/photography\/wp-json\/wp\/v2\/workshop_locations?post=17660"}],"curies":[{"name":"wp","href":"https:\/\/api.w.org\/{rel}","templated":true}]}}